{"id":976,"date":"2024-09-05T06:32:25","date_gmt":"2024-09-05T06:32:25","guid":{"rendered":"https:\/\/pirsultanabdaldc.org\/?page_id=976"},"modified":"2026-01-26T23:02:09","modified_gmt":"2026-01-27T04:02:09","slug":"what-is-alevism","status":"publish","type":"page","link":"https:\/\/pirsultanabdaldc.org\/tr\/what-is-alevism\/","title":{"rendered":"Alevilik Nedir?"},"content":{"rendered":"<div data-elementor-type=\"wp-page\" data-elementor-id=\"976\" class=\"elementor elementor-976\">\n\t\t\t\t\t\t<section class=\"elementor-section elementor-top-section elementor-element elementor-element-d3ade88 elementor-section-stretched elementor-section-boxed elementor-section-height-default elementor-section-height-default\" data-id=\"d3ade88\" data-element_type=\"section\" data-e-type=\"section\" data-settings=\"{&quot;stretch_section&quot;:&quot;section-stretched&quot;,&quot;wdt_bg_image&quot;:{&quot;url&quot;:&quot;&quot;,&quot;id&quot;:&quot;&quot;,&quot;size&quot;:&quot;&quot;},&quot;wdt_bg_image_laptop&quot;:{&quot;url&quot;:&quot;&quot;,&quot;id&quot;:&quot;&quot;,&quot;size&quot;:&quot;&quot;},&quot;wdt_bg_image_tablet_extra&quot;:{&quot;url&quot;:&quot;&quot;,&quot;id&quot;:&quot;&quot;,&quot;size&quot;:&quot;&quot;},&quot;wdt_bg_image_tablet&quot;:{&quot;url&quot;:&quot;&quot;,&quot;id&quot;:&quot;&quot;,&quot;size&quot;:&quot;&quot;},&quot;wdt_bg_image_mobile_extra&quot;:{&quot;url&quot;:&quot;&quot;,&quot;id&quot;:&quot;&quot;,&quot;size&quot;:&quot;&quot;},&quot;wdt_bg_image_mobile&quot;:{&quot;url&quot;:&quot;&quot;,&quot;id&quot;:&quot;&quot;,&quot;size&quot;:&quot;&quot;},&quot;wdt_bg_position&quot;:&quot;center center&quot;,&quot;wdt_animation_effect&quot;:&quot;none&quot;}\">\n\t\t\t\t\t\t<div class=\"elementor-container elementor-column-gap-default\">\n\t\t\t\t\t<div class=\"elementor-column elementor-col-100 elementor-top-column elementor-element elementor-element-eaf1c4b\" data-id=\"eaf1c4b\" data-element_type=\"column\" data-e-type=\"column\">\n\t\t\t<div class=\"elementor-widget-wrap elementor-element-populated\">\n\t\t\t\t\t\t<div class=\"elementor-element elementor-element-e68f822 elementor-widget elementor-widget-text-editor\" data-id=\"e68f822\" data-element_type=\"widget\" data-e-type=\"widget\" data-settings=\"{&quot;wdt_animation_effect&quot;:&quot;none&quot;}\" data-widget_type=\"text-editor.default\">\n\t\t\t\t<div class=\"elementor-widget-container\">\n\t\t\t\t\t\t\t\t\t<p class=\"p1\">Alevilik, sabit veya dogmatik bir inan\u00e7 sistemi olmaktan ziyade, ya\u015fayan ve geli\u015fen bir manevi gelenektir. Orta Asya'dan Anadolu'ya ve Balkanlar'a kadar uzanan geni\u015f bir co\u011frafyada, \u00e7e\u015fitli mistik felsefeler, manevi yollar ve k\u00fclt\u00fcrlerle etkile\u015fim i\u00e7inde y\u00fczy\u0131llar boyunca \u015fekillenmi\u015ftir. Bug\u00fcn Alevilik olarak bilinen \u015fey, \u00f6zellikle 13. y\u00fczy\u0131ldan itibaren farkl\u0131 mistik geleneklerin kademeli olarak bir araya gelmesiyle ortaya \u00e7\u0131km\u0131\u015ft\u0131r. Alevi terimi, ortak bir etik ve manevi d\u00fcnya g\u00f6r\u00fc\u015f\u00fcn\u00fc payla\u015fan, farkl\u0131 diller, k\u00fclt\u00fcrler ve etnik k\u00f6kenlere sahip topluluklar\u0131 bir araya getiren kapsay\u0131c\u0131 bir kavramd\u0131r.\n\nTranslated with DeepL.com (free version)<\/p><p class=\"p1\">Alevili\u011fin temelinde, her insan\u0131n kutsal bir i\u00e7sel \u00f6z\u00fc oldu\u011fu anlay\u0131\u015f\u0131 yatmaktad\u0131r. Varl\u0131k, insanl\u0131k, do\u011fa ve evrenin birbirinden ayr\u0131lamaz oldu\u011fu, birbirine ba\u011fl\u0131 bir b\u00fct\u00fcn olarak g\u00f6r\u00fcl\u00fcr. Bu nedenle insan hayat\u0131 kutsal kabul edilir ve t\u00fcm canl\u0131lar sayg\u0131 ve \u00f6zen g\u00f6sterilmeye lay\u0131kt\u0131r. Aleviler geleneksel olarak birbirlerine \u201ccan\u201d diye hitap ederler; bu, t\u00fcm insanlar aras\u0131nda e\u015fitlik ilkesini yans\u0131tan, cinsiyet ayr\u0131m\u0131 g\u00f6zetmeyen bir ifadedir. Kad\u0131nlar ve erkekler hem manevi hem de sosyal ya\u015famda e\u015fit kabul edilir ve cinsiyet, etnik k\u00f6ken, dil veya ge\u00e7mi\u015fe dayal\u0131 hi\u00e7bir ayr\u0131m yap\u0131lmaz.\n\nTranslated with DeepL.com (free version)<\/p><p class=\"p1\">Alevilik, ger\u00e7e\u011fi uzak veya d\u0131\u015fsal bir \u015fey olarak de\u011fil, i\u00e7sel fark\u0131ndal\u0131k, ya\u015fanm\u0131\u015f deneyimler ve etik davran\u0131\u015flar yoluyla ortaya \u00e7\u0131kan bir \u015fey olarak anlar. \u0130nsan, evrenin kendisinin bir yans\u0131mas\u0131 olarak g\u00f6r\u00fcl\u00fcr ve anlam aray\u0131\u015f\u0131 d\u0131\u015fa de\u011fil, i\u00e7e y\u00f6neliktir. \u00dcnl\u00fc bir Alevi atas\u00f6z\u00fc bu fikri basit\u00e7e \u00f6zetler: Ne ar\u0131yorsan, onu kendi i\u00e7inde ara. Bu bak\u0131\u015f a\u00e7\u0131s\u0131, varl\u0131\u011f\u0131n birli\u011fini ve arayan ile aranan\u0131n ayr\u0131lmazl\u0131\u011f\u0131n\u0131 vurgulayan evrensel mistik ve Sufi d\u00fc\u015f\u00fcncesiyle yak\u0131ndan uyumludur.\n\nTranslated with DeepL.com (free version)<\/p><p class=\"p1\">Alevilikte kutsal olan, belirli yerler, semboller veya metinlerle s\u0131n\u0131rl\u0131 de\u011fildir. Ger\u00e7ek, yerden ba\u011f\u0131ms\u0131z ve her zaman mevcut olarak anla\u015f\u0131l\u0131r ve en a\u00e7\u0131k \u015fekilde insan\u0131n kalbi, vicdan\u0131 ve eylemlerinde kar\u015f\u0131m\u0131za \u00e7\u0131kar. Korku, sevgiyle yer de\u011fi\u015ftirir ve maneviyat, ya\u015fam boyu s\u00fcren bir \u00f6\u011frenme, \u00f6z yans\u0131ma ve d\u00f6n\u00fc\u015f\u00fcm s\u00fcreci olarak anla\u015f\u0131l\u0131r. Alevilik, \u00f6d\u00fcl ve cezaya odaklanmak yerine, s\u00fcrekli ahlaki geli\u015fimi ve bilgelik, denge ve uyum aray\u0131\u015f\u0131n\u0131 vurgular.<\/p><p class=\"p1\">Ak\u0131l, bilgi ve etik bilinci \u00e7ok de\u011ferlidir. Kat\u0131 kurallara k\u00f6r\u00fc k\u00f6r\u00fcne ba\u011fl\u0131l\u0131k ho\u015f g\u00f6r\u00fclmezken, sorgulama, \u00f6\u011frenme ve ki\u015fisel sorumluluk te\u015fvik edilir. Manevi anlay\u0131\u015f g\u00fcnl\u00fck ya\u015famdan ayr\u0131lamaz ve adalet, \u015fefkat, al\u00e7akg\u00f6n\u00fcll\u00fcl\u00fck ve kar\u015f\u0131l\u0131kl\u0131 sayg\u0131 ile ifade edilir. Bu de\u011ferler, geleneksel olarak dayan\u0131\u015fma, payla\u015f\u0131m ve kolektif refah\u0131 vurgulayan Alevi sosyal ya\u015fam\u0131n\u0131n temelini olu\u015fturur.<\/p><p class=\"p1\">Adaletsizli\u011fe maruz kalanlar\u0131n yan\u0131nda durmak ve bask\u0131ya kar\u015f\u0131 \u00e7\u0131kmak, Alevilikte temel ahlaki ilkelerdir. Bu tutumlar, tarihsel marjinalle\u015fme deneyimleri taraf\u0131ndan \u015fekillenmi\u015f ve g\u00fc\u00e7l\u00fc bir sosyal sorumluluk ve empati duygusu geli\u015ftirmi\u015ftir. Alevilik, h\u00fcmanizmi, e\u015fitli\u011fi, i\u015fbirli\u011fini ve t\u00fcm ya\u015fam bi\u00e7imlerine sayg\u0131y\u0131 te\u015fvik eder.<\/p><p class=\"p1\">Y\u00fczy\u0131llar s\u00fcren siyasi ve sosyal bask\u0131 nedeniyle Aleviler, inan\u00e7lar\u0131n\u0131 yaz\u0131l\u0131 doktrinlerden ziyade s\u00f6zl\u00fc gelenekler arac\u0131l\u0131\u011f\u0131yla korumu\u015flard\u0131r. Genellikle geleneksel m\u00fczik e\u015fli\u011finde s\u00f6ylenen manevi \u015fiirler, \u015fark\u0131lar ve sembolik hik\u00e2yeler, Alevi felsefesi, ahlak\u0131 ve kolektif haf\u0131zan\u0131n aktar\u0131lmas\u0131nda merkezi bir rol oynamaktad\u0131r. Metaforlar ve \u00e7ok katmanl\u0131 anlamlarla zenginle\u015ftirilmi\u015f bu k\u00fclt\u00fcrel ifadeler, insan do\u011fas\u0131, toplum ve i\u00e7sel yolculuk hakk\u0131nda derin i\u00e7g\u00f6r\u00fcler sunmaktad\u0131r.<\/p><p class=\"p1\">G\u00fcn\u00fcm\u00fczde Alevilik, kapsay\u0131c\u0131, insan merkezli ve ruhani a\u00e7\u0131dan a\u00e7\u0131k bir d\u00fcnya g\u00f6r\u00fc\u015f\u00fc arayan insanlarda yank\u0131 bulmaya devam etmektedir. \u0130\u00e7sel ger\u00e7ek, etik ya\u015fam, cinsiyet e\u015fitli\u011fi ve sosyal adalete verdi\u011fi \u00f6nem, k\u00fclt\u00fcrler aras\u0131nda payla\u015f\u0131lan evrensel mistik de\u011ferleri yans\u0131tmaktad\u0131r. Alevilik, kendisini kat\u0131 s\u0131n\u0131rlarla tan\u0131mlamak yerine, \u00e7o\u011fullu\u011fu ve ortak insanl\u0131\u011f\u0131 onaylayarak, yollar farkl\u0131 olsa da ger\u00e7e\u011fin \u00f6z\u00fcn\u00fcn tek oldu\u011funu kabul eder.<\/p>\t\t\t\t\t\t\t\t<\/div>\n\t\t\t\t<\/div>\n\t\t\t\t\t<\/div>\n\t\t<\/div>\n\t\t\t\t\t<\/div>\n\t\t<\/section>\n\t\t\t\t<section class=\"elementor-section elementor-top-section elementor-element elementor-element-1bf33e4 elementor-section-stretched elementor-section-boxed elementor-section-height-default elementor-section-height-default\" data-id=\"1bf33e4\" data-element_type=\"section\" data-e-type=\"section\" data-settings=\"{&quot;stretch_section&quot;:&quot;section-stretched&quot;,&quot;wdt_bg_image&quot;:{&quot;url&quot;:&quot;&quot;,&quot;id&quot;:&quot;&quot;,&quot;size&quot;:&quot;&quot;},&quot;wdt_bg_image_laptop&quot;:{&quot;url&quot;:&quot;&quot;,&quot;id&quot;:&quot;&quot;,&quot;size&quot;:&quot;&quot;},&quot;wdt_bg_image_tablet_extra&quot;:{&quot;url&quot;:&quot;&quot;,&quot;id&quot;:&quot;&quot;,&quot;size&quot;:&quot;&quot;},&quot;wdt_bg_image_tablet&quot;:{&quot;url&quot;:&quot;&quot;,&quot;id&quot;:&quot;&quot;,&quot;size&quot;:&quot;&quot;},&quot;wdt_bg_image_mobile_extra&quot;:{&quot;url&quot;:&quot;&quot;,&quot;id&quot;:&quot;&quot;,&quot;size&quot;:&quot;&quot;},&quot;wdt_bg_image_mobile&quot;:{&quot;url&quot;:&quot;&quot;,&quot;id&quot;:&quot;&quot;,&quot;size&quot;:&quot;&quot;},&quot;wdt_bg_position&quot;:&quot;center center&quot;,&quot;wdt_animation_effect&quot;:&quot;none&quot;}\">\n\t\t\t\t\t\t<div class=\"elementor-container elementor-column-gap-default\">\n\t\t\t\t\t<div class=\"elementor-column elementor-col-100 elementor-top-column elementor-element elementor-element-4381cde\" data-id=\"4381cde\" data-element_type=\"column\" data-e-type=\"column\">\n\t\t\t<div class=\"elementor-widget-wrap elementor-element-populated\">\n\t\t\t\t\t\t<div class=\"elementor-element elementor-element-abcf8ce elementor-arrows-position-inside elementor-pagination-position-outside elementor-widget elementor-widget-image-carousel\" data-id=\"abcf8ce\" data-element_type=\"widget\" data-e-type=\"widget\" data-settings=\"{&quot;slides_to_show&quot;:&quot;1&quot;,&quot;navigation&quot;:&quot;both&quot;,&quot;autoplay&quot;:&quot;yes&quot;,&quot;pause_on_hover&quot;:&quot;yes&quot;,&quot;pause_on_interaction&quot;:&quot;yes&quot;,&quot;autoplay_speed&quot;:5000,&quot;infinite&quot;:&quot;yes&quot;,&quot;effect&quot;:&quot;slide&quot;,&quot;speed&quot;:500,&quot;wdt_animation_effect&quot;:&quot;none&quot;}\" data-widget_type=\"image-carousel.default\">\n\t\t\t\t<div class=\"elementor-widget-container\">\n\t\t\t\t\t\t\t<div class=\"elementor-image-carousel-wrapper swiper\" role=\"region\" aria-roledescription=\"carousel\" aria-label=\"Image Carousel\" dir=\"ltr\">\n\t\t\t<div class=\"elementor-image-carousel swiper-wrapper\" aria-live=\"off\">\n\t\t\t\t\t\t\t\t<div class=\"swiper-slide\" role=\"group\" aria-roledescription=\"slide\" aria-label=\"1 \/ 6\" data-no-translation-aria-label=\"\"><figure class=\"swiper-slide-inner\"><img decoding=\"async\" class=\"swiper-slide-image\" src=\"https:\/\/pirsultanabdaldc.org\/wp-content\/uploads\/2026\/01\/WhatsApp-Image-2026-01-25-at-8.32.22-PM-1024x768.jpeg\" alt=\"WhatsApp Image 2026-01-25 at 8.32.22 PM\" \/><\/figure><\/div><div class=\"swiper-slide\" role=\"group\" aria-roledescription=\"slide\" aria-label=\"2 \/ 6\" data-no-translation-aria-label=\"\"><figure class=\"swiper-slide-inner\"><img decoding=\"async\" class=\"swiper-slide-image\" src=\"https:\/\/pirsultanabdaldc.org\/wp-content\/uploads\/2026\/01\/WhatsApp-Image-2026-01-25-at-8.32.22-PM-1-768x1024.jpeg\" alt=\"WhatsApp Image 2026-01-25 at 8.32.22 PM (1)\" \/><\/figure><\/div><div class=\"swiper-slide\" role=\"group\" aria-roledescription=\"slide\" aria-label=\"3 \/ 6\" data-no-translation-aria-label=\"\"><figure class=\"swiper-slide-inner\"><img decoding=\"async\" class=\"swiper-slide-image\" src=\"https:\/\/pirsultanabdaldc.org\/wp-content\/uploads\/2023\/12\/326134088_3481428712089262_6302379660032744432_n.jpg\" alt=\"326134088_3481428712089262_6302379660032744432_n\" \/><\/figure><\/div><div class=\"swiper-slide\" role=\"group\" aria-roledescription=\"slide\" aria-label=\"4 \/ 6\" data-no-translation-aria-label=\"\"><figure class=\"swiper-slide-inner\"><img decoding=\"async\" class=\"swiper-slide-image\" src=\"https:\/\/pirsultanabdaldc.org\/wp-content\/uploads\/2024\/09\/37195235_1729007117217410_6090691808197607424_n.jpg\" alt=\"37195235_1729007117217410_6090691808197607424_n\" \/><\/figure><\/div><div class=\"swiper-slide\" role=\"group\" aria-roledescription=\"slide\" aria-label=\"5 \/ 6\" data-no-translation-aria-label=\"\"><figure class=\"swiper-slide-inner\"><img decoding=\"async\" class=\"swiper-slide-image\" src=\"https:\/\/pirsultanabdaldc.org\/wp-content\/uploads\/2024\/09\/37300421_1729007137217408_303219026035736576_n.jpg\" alt=\"37300421_1729007137217408_303219026035736576_n\" \/><\/figure><\/div><div class=\"swiper-slide\" role=\"group\" aria-roledescription=\"slide\" aria-label=\"6 \/ 6\" data-no-translation-aria-label=\"\"><figure class=\"swiper-slide-inner\"><img decoding=\"async\" class=\"swiper-slide-image\" src=\"https:\/\/pirsultanabdaldc.org\/wp-content\/uploads\/2026\/01\/WhatsApp-Image-2026-01-25-at-8.32.22-PM-2-1024x610.jpeg\" alt=\"WhatsApp Image 2026-01-25 at 8.32.22 PM (2)\" \/><\/figure><\/div>\t\t\t<\/div>\n\t\t\t\t\t\t\t\t\t\t\t\t<div class=\"elementor-swiper-button elementor-swiper-button-prev\" role=\"button\" tabindex=\"0\">\n\t\t\t\t\t\t<i aria-hidden=\"true\" class=\"eicon-chevron-left\"><\/i>\t\t\t\t\t<\/div>\n\t\t\t\t\t<div class=\"elementor-swiper-button elementor-swiper-button-next\" role=\"button\" tabindex=\"0\">\n\t\t\t\t\t\t<i aria-hidden=\"true\" class=\"eicon-chevron-right\"><\/i>\t\t\t\t\t<\/div>\n\t\t\t\t\n\t\t\t\t\t\t\t\t\t<div class=\"swiper-pagination\"><\/div>\n\t\t\t\t\t\t\t\t\t<\/div>\n\t\t\t\t\t\t<\/div>\n\t\t\t\t<\/div>\n\t\t\t\t\t<\/div>\n\t\t<\/div>\n\t\t\t\t\t<\/div>\n\t\t<\/section>\n\t\t\t\t<\/div>","protected":false},"excerpt":{"rendered":"<p>Alevism is a living, evolving spiritual tradition rather than a fixed or dogmatic belief system. It has taken shape over centuries through interaction with diverse mystical philosophies, spiritual paths, and [&hellip;]<\/p>\n","protected":false},"author":1,"featured_media":949,"parent":0,"menu_order":0,"comment_status":"closed","ping_status":"closed","template":"","meta":{"om_disable_all_campaigns":false,"_monsterinsights_skip_tracking":false,"_monsterinsights_sitenote_active":false,"_monsterinsights_sitenote_note":"","_monsterinsights_sitenote_category":0,"site-sidebar-layout":"default","site-content-layout":"","ast-site-content-layout":"default","site-content-style":"default","site-sidebar-style":"default","ast-global-header-display":"","ast-banner-title-visibility":"","ast-main-header-display":"","ast-hfb-above-header-display":"","ast-hfb-below-header-display":"","ast-hfb-mobile-header-display":"","site-post-title":"","ast-breadcrumbs-content":"","ast-featured-img":"","footer-sml-layout":"","ast-disable-related-posts":"","theme-transparent-header-meta":"","adv-header-id-meta":"","stick-header-meta":"","header-above-stick-meta":"","header-main-stick-meta":"","header-below-stick-meta":"","astra-migrate-meta-layouts":"default","ast-page-background-enabled":"default","ast-page-background-meta":{"desktop":{"background-color":"var(--ast-global-color-5)","background-image":"","background-repeat":"repeat","background-position":"center center","background-size":"auto","background-attachment":"scroll","background-type":"","background-media":"","overlay-type":"","overlay-color":"","overlay-opacity":"","overlay-gradient":""},"tablet":{"background-color":"","background-image":"","background-repeat":"repeat","background-position":"center center","background-size":"auto","background-attachment":"scroll","background-type":"","background-media":"","overlay-type":"","overlay-color":"","overlay-opacity":"","overlay-gradient":""},"mobile":{"background-color":"","background-image":"","background-repeat":"repeat","background-position":"center center","background-size":"auto","background-attachment":"scroll","background-type":"","background-media":"","overlay-type":"","overlay-color":"","overlay-opacity":"","overlay-gradient":""}},"ast-content-background-meta":{"desktop":{"background-color":"var(--ast-global-color-4)","background-image":"","background-repeat":"repeat","background-position":"center center","background-size":"auto","background-attachment":"scroll","background-type":"","background-media":"","overlay-type":"","overlay-color":"","overlay-opacity":"","overlay-gradient":""},"tablet":{"background-color":"var(--ast-global-color-4)","background-image":"","background-repeat":"repeat","background-position":"center center","background-size":"auto","background-attachment":"scroll","background-type":"","background-media":"","overlay-type":"","overlay-color":"","overlay-opacity":"","overlay-gradient":""},"mobile":{"background-color":"var(--ast-global-color-4)","background-image":"","background-repeat":"repeat","background-position":"center center","background-size":"auto","background-attachment":"scroll","background-type":"","background-media":"","overlay-type":"","overlay-color":"","overlay-opacity":"","overlay-gradient":""}},"_price":"","_stock":"","_tribe_ticket_header":"","_tribe_default_ticket_provider":"","_tribe_ticket_capacity":"0","_ticket_start_date":"","_ticket_end_date":"","_tribe_ticket_show_description":"","_tribe_ticket_show_not_going":false,"_tribe_ticket_use_global_stock":"","_tribe_ticket_global_stock_level":"","_global_stock_mode":"","_global_stock_cap":"","_tribe_rsvp_for_event":"","_tribe_ticket_going_count":"","_tribe_ticket_not_going_count":"","_tribe_tickets_list":"[]","_tribe_ticket_has_attendee_info_fields":false,"footnotes":"","_tec_slr_enabled":"","_tec_slr_layout":""},"class_list":["post-976","page","type-page","status-publish","has-post-thumbnail","hentry"],"aioseo_notices":[],"ticketed":false,"_links":{"self":[{"href":"https:\/\/pirsultanabdaldc.org\/tr\/wp-json\/wp\/v2\/pages\/976","targetHints":{"allow":["GET"]}}],"collection":[{"href":"https:\/\/pirsultanabdaldc.org\/tr\/wp-json\/wp\/v2\/pages"}],"about":[{"href":"https:\/\/pirsultanabdaldc.org\/tr\/wp-json\/wp\/v2\/types\/page"}],"author":[{"embeddable":true,"href":"https:\/\/pirsultanabdaldc.org\/tr\/wp-json\/wp\/v2\/users\/1"}],"replies":[{"embeddable":true,"href":"https:\/\/pirsultanabdaldc.org\/tr\/wp-json\/wp\/v2\/comments?post=976"}],"version-history":[{"count":28,"href":"https:\/\/pirsultanabdaldc.org\/tr\/wp-json\/wp\/v2\/pages\/976\/revisions"}],"predecessor-version":[{"id":1744,"href":"https:\/\/pirsultanabdaldc.org\/tr\/wp-json\/wp\/v2\/pages\/976\/revisions\/1744"}],"wp:featuredmedia":[{"embeddable":true,"href":"https:\/\/pirsultanabdaldc.org\/tr\/wp-json\/wp\/v2\/media\/949"}],"wp:attachment":[{"href":"https:\/\/pirsultanabdaldc.org\/tr\/wp-json\/wp\/v2\/media?parent=976"}],"curies":[{"name":"wp","href":"https:\/\/api.w.org\/{rel}","templated":true}]}}