{"id":963,"date":"2024-09-05T06:20:58","date_gmt":"2024-09-05T06:20:58","guid":{"rendered":"https:\/\/pirsultanabdaldc.org\/?page_id=963"},"modified":"2026-01-06T22:41:48","modified_gmt":"2026-01-07T02:41:48","slug":"presidents-message","status":"publish","type":"page","link":"https:\/\/pirsultanabdaldc.org\/tr\/presidents-message\/","title":{"rendered":"Ba\u015fkan\u0131n Mesaj\u0131"},"content":{"rendered":"<div data-elementor-type=\"wp-page\" data-elementor-id=\"963\" class=\"elementor elementor-963\">\n\t\t\t\t\t\t<section class=\"elementor-section elementor-top-section elementor-element elementor-element-17b3fece elementor-section-stretched elementor-section-boxed elementor-section-height-default elementor-section-height-default\" data-id=\"17b3fece\" data-element_type=\"section\" data-e-type=\"section\" data-settings=\"{&quot;stretch_section&quot;:&quot;section-stretched&quot;,&quot;wdt_bg_image&quot;:{&quot;url&quot;:&quot;&quot;,&quot;id&quot;:&quot;&quot;,&quot;size&quot;:&quot;&quot;},&quot;wdt_bg_image_laptop&quot;:{&quot;url&quot;:&quot;&quot;,&quot;id&quot;:&quot;&quot;,&quot;size&quot;:&quot;&quot;},&quot;wdt_bg_image_tablet_extra&quot;:{&quot;url&quot;:&quot;&quot;,&quot;id&quot;:&quot;&quot;,&quot;size&quot;:&quot;&quot;},&quot;wdt_bg_image_tablet&quot;:{&quot;url&quot;:&quot;&quot;,&quot;id&quot;:&quot;&quot;,&quot;size&quot;:&quot;&quot;},&quot;wdt_bg_image_mobile_extra&quot;:{&quot;url&quot;:&quot;&quot;,&quot;id&quot;:&quot;&quot;,&quot;size&quot;:&quot;&quot;},&quot;wdt_bg_image_mobile&quot;:{&quot;url&quot;:&quot;&quot;,&quot;id&quot;:&quot;&quot;,&quot;size&quot;:&quot;&quot;},&quot;wdt_bg_position&quot;:&quot;center center&quot;,&quot;wdt_animation_effect&quot;:&quot;none&quot;}\">\n\t\t\t\t\t\t<div class=\"elementor-container elementor-column-gap-default\">\n\t\t\t\t\t<div class=\"elementor-column elementor-col-100 elementor-top-column elementor-element elementor-element-1150a4c5\" data-id=\"1150a4c5\" data-element_type=\"column\" data-e-type=\"column\">\n\t\t\t<div class=\"elementor-widget-wrap elementor-element-populated\">\n\t\t\t\t\t\t<div class=\"elementor-element elementor-element-724a0d98 elementor-widget elementor-widget-text-editor\" data-id=\"724a0d98\" data-element_type=\"widget\" data-e-type=\"widget\" data-settings=\"{&quot;wdt_animation_effect&quot;:&quot;none&quot;}\" data-widget_type=\"text-editor.default\">\n\t\t\t\t<div class=\"elementor-widget-container\">\n\t\t\t\t\t\t\t\t\t\n<div class=\"wp-block-group is-layout-constrained wp-block-group-is-layout-constrained\">\n<p>De\u011ferli canlar, k\u0131ymetli yol arkada\u015flar\u0131m\u0131z,<\/p>\n\n\n\n<p>Pir Sultan Abdal DC Derne\u011fi olarak; k\u00f6kleri y\u00fczy\u0131llar \u00f6ncesine uzanan inanc\u0131m\u0131z\u0131, k\u00fclt\u00fcr\u00fcm\u00fcz\u00fc ve insani de\u011ferlerimizi ya\u015fatmay\u0131, korumay\u0131 ve gelecek nesillere onurla aktarmay\u0131 en temel sorumlulu\u011fumuz olarak g\u00f6r\u00fcyoruz. Pir Sultan Abdal\u2019\u0131n bizlere miras b\u0131rakt\u0131\u011f\u0131 adalet, e\u015fitlik, sevgi, payla\u015f\u0131m ve hakikat anlay\u0131\u015f\u0131; bug\u00fcn de yolumuzu ayd\u0131nlatmaya devam etmektedir.<\/p>\n\n\n\n<p>Bizler bu derne\u011fi yaln\u0131zca bir \u00e7at\u0131 de\u011fil, g\u00f6n\u00fcllerin bulu\u015ftu\u011fu, farkl\u0131l\u0131klar\u0131n zenginlik olarak g\u00f6r\u00fcld\u00fc\u011f\u00fc, ge\u00e7mi\u015fle gelecek aras\u0131nda sa\u011flam bir k\u00f6pr\u00fc kuran bir manevi ocak olarak g\u00f6r\u00fcyoruz. Amac\u0131m\u0131z; k\u00fclt\u00fcr\u00fcm\u00fcz\u00fc sadece hat\u0131rlamak de\u011fil, ya\u015famak ve ya\u015fatmak, s\u00f6zde de\u011fil \u00f6zde sahip \u00e7\u0131kmak ve bu de\u011ferleri yar\u0131nlara umutla ta\u015f\u0131makt\u0131r.<\/p>\n\n\n\n<p>Toplumumuzun birlik ve dayan\u0131\u015fma ruhunu g\u00fc\u00e7lendiren; gen\u00e7lerimize kimlik, aidiyet ve sorumluluk bilinci kazand\u0131ran; b\u00fcy\u00fcklerimizin deneyimlerini sayg\u0131yla gelece\u011fe aktaran \u00e7al\u0131\u015fmalar y\u00fcr\u00fctmeyi hedefliyoruz. \u00c7\u00fcnk\u00fc biliyoruz ki, bize emanet edilen miras, ancak payla\u015f\u0131ld\u0131k\u00e7a \u00e7o\u011fal\u0131r ve anlam kazan\u0131r.<\/p>\n\n\n\n<p>Pir Sultan Abdal DC Derne\u011fi olarak; sevgi diliyle konu\u015fan, kimseyi \u00f6tekile\u015ftirmeyen, insan\u0131 merkeze alan bir anlay\u0131\u015fla yolumuza devam ediyoruz. Gelecek nesillere yaln\u0131zca an\u0131lar de\u011fil; de\u011ferler, ilkeler ve g\u00fc\u00e7l\u00fc bir k\u00fclt\u00fcrel haf\u0131za b\u0131rakmak en b\u00fcy\u00fck arzumuzdur.<\/p>\n\n\n\n<p>Bu yolda eme\u011fi ge\u00e7en, g\u00f6nl\u00fcn\u00fc ortaya koyan, destek veren t\u00fcm canlara y\u00fcrekten te\u015fekk\u00fcr ediyor; birli\u011fimizin, dayan\u0131\u015fmam\u0131z\u0131n ve yol karde\u015fli\u011fimizin daim olmas\u0131n\u0131 diliyorum.<\/p>\n\n\n\n<p>Ali Yap\u0131c\u0131<\/p>\n<\/div>\n\t\t\t\t\t\t\t\t<\/div>\n\t\t\t\t<\/div>\n\t\t\t\t\t<\/div>\n\t\t<\/div>\n\t\t\t\t\t<\/div>\n\t\t<\/section>\n\t\t\t\t<\/div>","protected":false},"excerpt":{"rendered":"<p>Dear friends, valued companions, As the Pir Sultan Abdal DC Association, we consider it our fundamental responsibility to preserve, protect, and proudly pass on to future generations our faith, culture, [&hellip;]<\/p>\n","protected":false},"author":1,"featured_media":0,"parent":0,"menu_order":0,"comment_status":"closed","ping_status":"closed","template":"","meta":{"om_disable_all_campaigns":false,"_monsterinsights_skip_tracking":false,"_monsterinsights_sitenote_active":false,"_monsterinsights_sitenote_note":"","_monsterinsights_sitenote_category":0,"site-sidebar-layout":"default","site-content-layout":"","ast-site-content-layout":"default","site-content-style":"default","site-sidebar-style":"default","ast-global-header-display":"","ast-banner-title-visibility":"","ast-main-header-display":"","ast-hfb-above-header-display":"","ast-hfb-below-header-display":"","ast-hfb-mobile-header-display":"","site-post-title":"","ast-breadcrumbs-content":"","ast-featured-img":"","footer-sml-layout":"","ast-disable-related-posts":"","theme-transparent-header-meta":"","adv-header-id-meta":"","stick-header-meta":"","header-above-stick-meta":"","header-main-stick-meta":"","header-below-stick-meta":"","astra-migrate-meta-layouts":"default","ast-page-background-enabled":"default","ast-page-background-meta":{"desktop":{"background-color":"var(--ast-global-color-5)","background-image":"","background-repeat":"repeat","background-position":"center center","background-size":"auto","background-attachment":"scroll","background-type":"","background-media":"","overlay-type":"","overlay-color":"","overlay-opacity":"","overlay-gradient":""},"tablet":{"background-color":"","background-image":"","background-repeat":"repeat","background-position":"center center","background-size":"auto","background-attachment":"scroll","background-type":"","background-media":"","overlay-type":"","overlay-color":"","overlay-opacity":"","overlay-gradient":""},"mobile":{"background-color":"","background-image":"","background-repeat":"repeat","background-position":"center center","background-size":"auto","background-attachment":"scroll","background-type":"","background-media":"","overlay-type":"","overlay-color":"","overlay-opacity":"","overlay-gradient":""}},"ast-content-background-meta":{"desktop":{"background-color":"var(--ast-global-color-4)","background-image":"","background-repeat":"repeat","background-position":"center center","background-size":"auto","background-attachment":"scroll","background-type":"","background-media":"","overlay-type":"","overlay-color":"","overlay-opacity":"","overlay-gradient":""},"tablet":{"background-color":"var(--ast-global-color-4)","background-image":"","background-repeat":"repeat","background-position":"center center","background-size":"auto","background-attachment":"scroll","background-type":"","background-media":"","overlay-type":"","overlay-color":"","overlay-opacity":"","overlay-gradient":""},"mobile":{"background-color":"var(--ast-global-color-4)","background-image":"","background-repeat":"repeat","background-position":"center center","background-size":"auto","background-attachment":"scroll","background-type":"","background-media":"","overlay-type":"","overlay-color":"","overlay-opacity":"","overlay-gradient":""}},"_price":"","_stock":"","_tribe_ticket_header":"","_tribe_default_ticket_provider":"","_tribe_ticket_capacity":"0","_ticket_start_date":"","_ticket_end_date":"","_tribe_ticket_show_description":"","_tribe_ticket_show_not_going":false,"_tribe_ticket_use_global_stock":"","_tribe_ticket_global_stock_level":"","_global_stock_mode":"","_global_stock_cap":"","_tribe_rsvp_for_event":"","_tribe_ticket_going_count":"","_tribe_ticket_not_going_count":"","_tribe_tickets_list":"[]","_tribe_ticket_has_attendee_info_fields":false,"footnotes":"","_tec_slr_enabled":"","_tec_slr_layout":""},"class_list":["post-963","page","type-page","status-publish","hentry"],"aioseo_notices":[],"ticketed":false,"_links":{"self":[{"href":"https:\/\/pirsultanabdaldc.org\/tr\/wp-json\/wp\/v2\/pages\/963","targetHints":{"allow":["GET"]}}],"collection":[{"href":"https:\/\/pirsultanabdaldc.org\/tr\/wp-json\/wp\/v2\/pages"}],"about":[{"href":"https:\/\/pirsultanabdaldc.org\/tr\/wp-json\/wp\/v2\/types\/page"}],"author":[{"embeddable":true,"href":"https:\/\/pirsultanabdaldc.org\/tr\/wp-json\/wp\/v2\/users\/1"}],"replies":[{"embeddable":true,"href":"https:\/\/pirsultanabdaldc.org\/tr\/wp-json\/wp\/v2\/comments?post=963"}],"version-history":[{"count":9,"href":"https:\/\/pirsultanabdaldc.org\/tr\/wp-json\/wp\/v2\/pages\/963\/revisions"}],"predecessor-version":[{"id":1659,"href":"https:\/\/pirsultanabdaldc.org\/tr\/wp-json\/wp\/v2\/pages\/963\/revisions\/1659"}],"wp:attachment":[{"href":"https:\/\/pirsultanabdaldc.org\/tr\/wp-json\/wp\/v2\/media?parent=963"}],"curies":[{"name":"wp","href":"https:\/\/api.w.org\/{rel}","templated":true}]}}