{"id":961,"date":"2024-09-05T06:20:21","date_gmt":"2024-09-05T06:20:21","guid":{"rendered":"https:\/\/pirsultanabdaldc.org\/?page_id=961"},"modified":"2026-02-02T15:32:13","modified_gmt":"2026-02-02T20:32:13","slug":"organization-chart","status":"publish","type":"page","link":"https:\/\/pirsultanabdaldc.org\/tr\/organization-chart\/","title":{"rendered":"Organizasyon Semas\u0131"},"content":{"rendered":"<div class=\"wp-block-columns is-layout-flex wp-container-core-columns-is-layout-28f84493 wp-block-columns-is-layout-flex\">\n<div class=\"wp-block-column is-vertically-aligned-center is-layout-flow wp-block-column-is-layout-flow\" style=\"flex-basis:100%\"><\/div>\n\n\n\n<div class=\"wp-block-column is-vertically-aligned-center is-layout-flow wp-block-column-is-layout-flow\" style=\"flex-basis:100%\">\n<details class=\"wp-block-details has-ast-global-color-0-color has-tertiary-background-color has-text-color has-background has-link-color wp-elements-a372b17eb53774b0e236fe9aae4ba736 is-layout-flow wp-block-details-is-layout-flow\"><summary><strong>Ba\u015fkan - Ali Yap\u0131c\u0131<\/strong><\/summary>\n<ul class=\"wp-block-list\">\n<li>Organizasyonu resmi olarak temsil eder.<\/li>\n\n\n\n<li>Y\u00f6netim kuruluna ba\u015fkanl\u0131k eder.<\/li>\n\n\n\n<li>Y\u00f6netim kurulu kararlar\u0131n\u0131n uygulanmas\u0131n\u0131 ve genel koordinasyonu sa\u011flar.<\/li>\n<\/ul>\n<\/details>\n<\/div>\n\n\n\n<div class=\"wp-block-column is-vertically-aligned-center is-layout-flow wp-block-column-is-layout-flow\" style=\"flex-basis:100%\"><\/div>\n<\/div>\n\n\n\n<div class=\"wp-block-group is-layout-constrained wp-block-group-is-layout-constrained\">\n<div class=\"wp-block-columns is-layout-flex wp-container-core-columns-is-layout-28f84493 wp-block-columns-is-layout-flex\">\n<div class=\"wp-block-column is-layout-flow wp-block-column-is-layout-flow\">\n<details class=\"wp-block-details has-ast-global-color-0-color has-tertiary-background-color has-text-color has-background has-link-color wp-elements-29a62b394bb673b0a1414743da9353f5 is-layout-flow wp-block-details-is-layout-flow\"><summary><strong>Ba\u015fkan Yard\u0131mc\u0131s\u0131 \u2013 Murat Mercan<\/strong><\/summary>\n<ul class=\"wp-block-list\">\n<li>Ba\u015fkan\u0131n yoklu\u011funda ba\u015fkan ad\u0131na hareket eder.<\/li>\n\n\n\n<li>Dahili y\u00f6netim kurulu koordinasyonunu destekler ve faaliyetleri izler.<\/li>\n<\/ul>\n<\/details>\n<\/div>\n\n\n\n<div class=\"wp-block-column has-ast-global-color-0-color has-text-color has-link-color wp-elements-571618b2d630d720242725158a1349be is-layout-flow wp-block-column-is-layout-flow\">\n<details class=\"wp-block-details has-primary-color has-tertiary-background-color has-text-color has-background has-link-color wp-elements-284a62db3490acdb6507e027a0f57bcf is-layout-flow wp-block-details-is-layout-flow\"><summary><strong>Genel Sekreter \u2013 G\u00fcray Tun\u00e7<\/strong><\/summary>\n<ul class=\"wp-block-list\">\n<li>Kurulu\u015fun t\u00fcm resmi yaz\u0131\u015fmalar\u0131n\u0131 y\u00fcr\u00fct\u00fcr.<\/li>\n\n\n\n<li>Y\u00f6netim kurulu kararlar\u0131n\u0131 kaydeder ve saklar.<\/li>\n\n\n\n<li>Yeni \u00fcyelik ba\u015fvurular\u0131n\u0131 al\u0131r, kaydeder ve gerekli belgeleri haz\u0131rlar.<\/li>\n\n\n\n<li>Y\u00f6netim kurulunun onay\u0131na \u00fcyelik ba\u015fvurular\u0131n\u0131 sunar.<\/li>\n\n\n\n<li>\u00dcye kay\u0131tlar\u0131n\u0131n tutulmas\u0131ndan sorumludur.<\/li>\n<\/ul>\n<\/details>\n<\/div>\n\n\n\n<div class=\"wp-block-column has-ast-global-color-0-color has-text-color has-link-color wp-elements-aae754b5c7fb7a3bbcfa31adffb8115e is-layout-flow wp-block-column-is-layout-flow\">\n<details class=\"wp-block-details has-primary-color has-tertiary-background-color has-text-color has-background has-link-color wp-elements-e72f8a9b98a48cd479b487272376b01d is-layout-flow wp-block-details-is-layout-flow\"><summary><strong>Hazine - Esen Kulak<\/strong><\/summary>\n<ul class=\"wp-block-list\">\n<li>Kurulu\u015fun mali i\u015flerini y\u00f6netir. <\/li>\n\n\n\n<li>\u00dcyelik aidatlar\u0131n\u0131n tahsilini denetler.<\/li>\n\n\n\n<li>B\u00fct\u00e7elerin ve mali kay\u0131tlar\u0131n ge\u00e7erli d\u00fczenlemelere uygun olarak tutulmas\u0131n\u0131 sa\u011flar.<\/li>\n<\/ul>\n<\/details>\n<\/div>\n<\/div>\n<\/div>\n\n\n\n<div class=\"wp-block-group is-layout-constrained wp-block-group-is-layout-constrained\">\n<div class=\"wp-block-columns is-layout-flex wp-container-core-columns-is-layout-28f84493 wp-block-columns-is-layout-flex\">\n<div class=\"wp-block-column has-ast-global-color-0-color has-text-color has-link-color wp-elements-8dcb6f6f54adc1eaa642fe9b30f1351f is-layout-flow wp-block-column-is-layout-flow\">\n<details class=\"wp-block-details has-primary-color has-tertiary-background-color has-text-color has-background has-link-color wp-elements-8fb62cf4edf19c08ea9dd9be4eb3d22d is-layout-flow wp-block-details-is-layout-flow\"><summary><strong>Etkinlikler ve Halkla \u0130li\u015fkiler - Filiz Pekesen<\/strong><\/summary>\n<ul class=\"wp-block-list\">\n<li>Kurulu\u015fun tan\u0131t\u0131m ve sosyal yard\u0131m faaliyetlerini y\u00f6netir.<\/li>\n\n\n\n<li>Yeni \u00fcyeler i\u00e7in ileti\u015fim, oryantasyon ve entegrasyon \u00e7abalar\u0131n\u0131 destekler.<\/li>\n<\/ul>\n<\/details>\n<\/div>\n\n\n\n<div class=\"wp-block-column has-ast-global-color-0-color has-text-color has-link-color wp-elements-8d734cddcd37a8cc67b284f801f753b8 is-layout-flow wp-block-column-is-layout-flow\">\n<details class=\"wp-block-details has-primary-color has-tertiary-background-color has-text-color has-background has-link-color wp-elements-57aa7f11c63eef9e1f6e99b1682e2ec9 is-layout-flow wp-block-details-is-layout-flow\"><summary><strong>Medya ve Ileti\u015fim - Hasret \u015eim\u015fek<br><\/strong><\/summary>\n<ul class=\"wp-block-list\">\n<li>Dijital platformlar\u0131 ve bas\u0131n ili\u015fkilerini y\u00f6netir.<\/li>\n\n\n\n<li>\u00dcyelik duyurular\u0131n\u0131 ve genel ileti\u015fimi denetler.<\/li>\n<\/ul>\n<\/details>\n<\/div>\n\n\n\n<div class=\"wp-block-column has-ast-global-color-0-color has-text-color has-link-color wp-elements-a7ef5b350f759248ac58730501d40787 is-layout-flow wp-block-column-is-layout-flow\">\n<details class=\"wp-block-details has-primary-color has-tertiary-background-color has-text-color has-background has-link-color wp-elements-c56e2e73e1968cc54204352e888356f9 is-layout-flow wp-block-details-is-layout-flow\"><summary><strong>Gen\u00e7lik \u0130\u015fleri - F\u0131rat \u00d6zt\u00fcrk<\/strong><\/summary>\n<ul class=\"wp-block-list\">\n<li>Gen\u00e7 \u00fcyelerle ilgili faaliyetleri koordine eder.<\/li>\n\n\n\n<li>Gen\u00e7lerin kat\u0131l\u0131m\u0131n\u0131 ve kat\u0131l\u0131m\u0131n\u0131 art\u0131rmak i\u00e7in giri\u015fimler geli\u015ftirir.<\/li>\n<\/ul>\n<\/details>\n<\/div>\n<\/div>\n<\/div>\n\n\n\n<div class=\"wp-block-group is-layout-constrained wp-block-group-is-layout-constrained\">\n<div class=\"wp-block-columns is-layout-flex wp-container-core-columns-is-layout-28f84493 wp-block-columns-is-layout-flex\">\n<div class=\"wp-block-column has-ast-global-color-0-color has-text-color has-link-color wp-elements-6dfdc7caa7c8e51264fdaec42cee0db4 is-layout-flow wp-block-column-is-layout-flow\"><\/div>\n\n\n\n<div class=\"wp-block-column has-ast-global-color-0-color has-text-color has-link-color wp-elements-efbdec846e05e146a0d9e5c0c9682e98 is-layout-flow wp-block-column-is-layout-flow\">\n<details class=\"wp-block-details has-primary-color has-tertiary-background-color has-text-color has-background has-link-color wp-elements-46c86888380c5b08ce5599dac5f72489 is-layout-flow wp-block-details-is-layout-flow\"><summary><strong>Denetim Kurulu<\/strong><\/summary>\n<ul class=\"wp-block-list\">\n<li>Suat Pekesen<\/li>\n\n\n\n<li>Burak \u00c7e\u015fme<\/li>\n\n\n\n<li>Can Ahmet Demir<\/li>\n\n\n\n<li>Sinan S\u00fcsl\u00fc<\/li>\n<\/ul>\n<\/details>\n<\/div>\n\n\n\n<div class=\"wp-block-column has-ast-global-color-0-color has-text-color has-link-color wp-elements-6dfdc7caa7c8e51264fdaec42cee0db4 is-layout-flow wp-block-column-is-layout-flow\"><\/div>\n<\/div>\n<\/div>\n\n\n\n<p><\/p>","protected":false},"excerpt":{"rendered":"","protected":false},"author":1,"featured_media":0,"parent":0,"menu_order":0,"comment_status":"closed","ping_status":"closed","template":"","meta":{"om_disable_all_campaigns":false,"_monsterinsights_skip_tracking":false,"_monsterinsights_sitenote_active":false,"_monsterinsights_sitenote_note":"","_monsterinsights_sitenote_category":0,"site-sidebar-layout":"default","site-content-layout":"","ast-site-content-layout":"default","site-content-style":"default","site-sidebar-style":"default","ast-global-header-display":"","ast-banner-title-visibility":"","ast-main-header-display":"","ast-hfb-above-header-display":"","ast-hfb-below-header-display":"","ast-hfb-mobile-header-display":"","site-post-title":"","ast-breadcrumbs-content":"","ast-featured-img":"","footer-sml-layout":"","ast-disable-related-posts":"","theme-transparent-header-meta":"","adv-header-id-meta":"","stick-header-meta":"","header-above-stick-meta":"","header-main-stick-meta":"","header-below-stick-meta":"","astra-migrate-meta-layouts":"default","ast-page-background-enabled":"default","ast-page-background-meta":{"desktop":{"background-color":"var(--ast-global-color-5)","background-image":"","background-repeat":"repeat","background-position":"center center","background-size":"auto","background-attachment":"scroll","background-type":"","background-media":"","overlay-type":"","overlay-color":"","overlay-opacity":"","overlay-gradient":""},"tablet":{"background-color":"","background-image":"","background-repeat":"repeat","background-position":"center center","background-size":"auto","background-attachment":"scroll","background-type":"","background-media":"","overlay-type":"","overlay-color":"","overlay-opacity":"","overlay-gradient":""},"mobile":{"background-color":"","background-image":"","background-repeat":"repeat","background-position":"center center","background-size":"auto","background-attachment":"scroll","background-type":"","background-media":"","overlay-type":"","overlay-color":"","overlay-opacity":"","overlay-gradient":""}},"ast-content-background-meta":{"desktop":{"background-color":"var(--ast-global-color-4)","background-image":"","background-repeat":"repeat","background-position":"center center","background-size":"auto","background-attachment":"scroll","background-type":"","background-media":"","overlay-type":"","overlay-color":"","overlay-opacity":"","overlay-gradient":""},"tablet":{"background-color":"var(--ast-global-color-4)","background-image":"","background-repeat":"repeat","background-position":"center center","background-size":"auto","background-attachment":"scroll","background-type":"","background-media":"","overlay-type":"","overlay-color":"","overlay-opacity":"","overlay-gradient":""},"mobile":{"background-color":"var(--ast-global-color-4)","background-image":"","background-repeat":"repeat","background-position":"center center","background-size":"auto","background-attachment":"scroll","background-type":"","background-media":"","overlay-type":"","overlay-color":"","overlay-opacity":"","overlay-gradient":""}},"_price":"","_stock":"","_tribe_ticket_header":"","_tribe_default_ticket_provider":"","_tribe_ticket_capacity":"0","_ticket_start_date":"","_ticket_end_date":"","_tribe_ticket_show_description":"","_tribe_ticket_show_not_going":false,"_tribe_ticket_use_global_stock":"","_tribe_ticket_global_stock_level":"","_global_stock_mode":"","_global_stock_cap":"","_tribe_rsvp_for_event":"","_tribe_ticket_going_count":"","_tribe_ticket_not_going_count":"","_tribe_tickets_list":"[]","_tribe_ticket_has_attendee_info_fields":false,"footnotes":"","_tec_slr_enabled":"","_tec_slr_layout":""},"class_list":["post-961","page","type-page","status-publish","hentry"],"aioseo_notices":[],"ticketed":false,"_links":{"self":[{"href":"https:\/\/pirsultanabdaldc.org\/tr\/wp-json\/wp\/v2\/pages\/961","targetHints":{"allow":["GET"]}}],"collection":[{"href":"https:\/\/pirsultanabdaldc.org\/tr\/wp-json\/wp\/v2\/pages"}],"about":[{"href":"https:\/\/pirsultanabdaldc.org\/tr\/wp-json\/wp\/v2\/types\/page"}],"author":[{"embeddable":true,"href":"https:\/\/pirsultanabdaldc.org\/tr\/wp-json\/wp\/v2\/users\/1"}],"replies":[{"embeddable":true,"href":"https:\/\/pirsultanabdaldc.org\/tr\/wp-json\/wp\/v2\/comments?post=961"}],"version-history":[{"count":17,"href":"https:\/\/pirsultanabdaldc.org\/tr\/wp-json\/wp\/v2\/pages\/961\/revisions"}],"predecessor-version":[{"id":1834,"href":"https:\/\/pirsultanabdaldc.org\/tr\/wp-json\/wp\/v2\/pages\/961\/revisions\/1834"}],"wp:attachment":[{"href":"https:\/\/pirsultanabdaldc.org\/tr\/wp-json\/wp\/v2\/media?parent=961"}],"curies":[{"name":"wp","href":"https:\/\/api.w.org\/{rel}","templated":true}]}}