{"id":943,"date":"2024-09-04T08:57:29","date_gmt":"2024-09-04T08:57:29","guid":{"rendered":"https:\/\/pirsultanabdaldc.org\/?page_id=943"},"modified":"2026-01-06T22:47:50","modified_gmt":"2026-01-07T02:47:50","slug":"about-us-n","status":"publish","type":"page","link":"https:\/\/pirsultanabdaldc.org\/tr\/about-us-n\/","title":{"rendered":"Hakk\u0131m\u0131zda"},"content":{"rendered":"<div data-elementor-type=\"wp-page\" data-elementor-id=\"943\" class=\"elementor elementor-943\">\n\t\t\t\t\t\t<section class=\"elementor-section elementor-top-section elementor-element elementor-element-5b54bc3 elementor-section-stretched elementor-section-boxed elementor-section-height-default elementor-section-height-default\" data-id=\"5b54bc3\" data-element_type=\"section\" data-e-type=\"section\" data-settings=\"{&quot;stretch_section&quot;:&quot;section-stretched&quot;,&quot;wdt_bg_image&quot;:{&quot;url&quot;:&quot;&quot;,&quot;id&quot;:&quot;&quot;,&quot;size&quot;:&quot;&quot;},&quot;wdt_bg_image_laptop&quot;:{&quot;url&quot;:&quot;&quot;,&quot;id&quot;:&quot;&quot;,&quot;size&quot;:&quot;&quot;},&quot;wdt_bg_image_tablet_extra&quot;:{&quot;url&quot;:&quot;&quot;,&quot;id&quot;:&quot;&quot;,&quot;size&quot;:&quot;&quot;},&quot;wdt_bg_image_tablet&quot;:{&quot;url&quot;:&quot;&quot;,&quot;id&quot;:&quot;&quot;,&quot;size&quot;:&quot;&quot;},&quot;wdt_bg_image_mobile_extra&quot;:{&quot;url&quot;:&quot;&quot;,&quot;id&quot;:&quot;&quot;,&quot;size&quot;:&quot;&quot;},&quot;wdt_bg_image_mobile&quot;:{&quot;url&quot;:&quot;&quot;,&quot;id&quot;:&quot;&quot;,&quot;size&quot;:&quot;&quot;},&quot;wdt_bg_position&quot;:&quot;center center&quot;,&quot;wdt_animation_effect&quot;:&quot;none&quot;}\">\n\t\t\t\t\t\t<div class=\"elementor-container elementor-column-gap-default\">\n\t\t\t\t\t<div class=\"elementor-column elementor-col-100 elementor-top-column elementor-element elementor-element-52bab89\" data-id=\"52bab89\" data-element_type=\"column\" data-e-type=\"column\" data-settings=\"{&quot;background_background&quot;:&quot;classic&quot;}\">\n\t\t\t<div class=\"elementor-widget-wrap elementor-element-populated\">\n\t\t\t\t\t\t<div class=\"elementor-element elementor-element-82d7ffc elementor-widget-mobile__width-initial elementor-widget elementor-widget-text-editor\" data-id=\"82d7ffc\" data-element_type=\"widget\" data-e-type=\"widget\" data-settings=\"{&quot;wdt_animation_effect&quot;:&quot;none&quot;}\" data-widget_type=\"text-editor.default\">\n\t\t\t\t<div class=\"elementor-widget-container\">\n\t\t\t\t\t\t\t\t\t<div><p>Derne\u011fimiz, Alevi yolunda adalet, e\u015fitlik, sevgi ve dayan\u0131\u015fma de\u011ferlerine adanm\u0131\u015f bir kurumdur ve k\u00fclt\u00fcrel, sanatsal ve inan\u00e7 temelli etkinlikler arac\u0131l\u0131\u011f\u0131yla topluluk i\u00e7in ortak bir bulu\u015fma yeri i\u015flevi g\u00f6rmektedir.<\/p><p>Amac\u0131m\u0131z Alevi k\u00fclt\u00fcr\u00fcn\u00fc tan\u0131tmak, gen\u00e7 nesillere aktarmak, sosyal dayan\u0131\u015fmay\u0131 g\u00fc\u00e7lendirmek ve k\u00fclt\u00fcrel haf\u0131zay\u0131 korumakt\u0131r.<\/p><p><strong>VIZYON<br \/><\/strong>Her ya\u015ftan bireyin kendini g\u00fcvende ve aidiyet hissetti\u011fi, kapsay\u0131c\u0131, modern ve g\u00fc\u00e7l\u00fc bir toplum merkezi olmak; birlik, dayan\u0131\u015fma, e\u015fitlik ve \u00f6zg\u00fcrl\u00fck ilkelerini savunurken, Maryland, Virginia, Bat\u0131 Virginia, Pensilvanya, Kuzey Carolina ve faaliyet alan\u0131m\u0131zdaki di\u011fer eyaletlerde ya\u015fayan Alevi toplulu\u011funun k\u00fclt\u00fcrel, sanatsal ve inan\u00e7 temelli ihtiya\u00e7lar\u0131n\u0131 kar\u015f\u0131lamak.<\/p><\/div><div><strong>MISYON<\/strong><br \/>\u2022 Alevi yolunun ve rit\u00fcellerinin de\u011ferlerini korumak\u00a0 <br \/>\u2022 K\u00fclt\u00fcrel, sanatsal ve e\u011fitimsel etkinlikler d\u00fczenlemek\u00a0 <br \/>\u2022 Gen\u00e7lerin ve \u00e7ocuklar\u0131n k\u00fclt\u00fcrel kimli\u011fini g\u00fc\u00e7lendirmek\u00a0 <br \/>\u2022 Toplum i\u00e7indeki dayan\u0131\u015fmay\u0131 g\u00fc\u00e7lendirmek\u00a0 <br \/>\u2022 Toplum odakl\u0131 sosyal sorumluluk projeleri geli\u015ftirmek<\/div><div>\u00a0<\/div><div><p><strong>TARIH<\/strong><br \/>Pir Sultan Abdal Washington DC, b\u00f6lgedeki Alevi toplulu\u011fu aras\u0131nda k\u00fclt\u00fcrel birli\u011fi sa\u011flamak, inan\u00e7 temelli rit\u00fcelleri korumak ve bunlar\u0131 gelecek nesillere aktarmak amac\u0131yla kurulmu\u015ftur. Derne\u011fin t\u00fcm faaliyetleri g\u00f6n\u00fcll\u00fcl\u00fck esas\u0131na g\u00f6re y\u00fcr\u00fct\u00fclmektedir.<\/p><\/div>\t\t\t\t\t\t\t\t<\/div>\n\t\t\t\t<\/div>\n\t\t\t\t\t<\/div>\n\t\t<\/div>\n\t\t\t\t\t<\/div>\n\t\t<\/section>\n\t\t\t\t<\/div>","protected":false},"excerpt":{"rendered":"<p>Our association is an institution dedicated to the values of justice, equality, love, and solidarity within the Alevi path, serving as a shared gathering place for the community through cultural, [&hellip;]<\/p>\n","protected":false},"author":1,"featured_media":0,"parent":0,"menu_order":0,"comment_status":"closed","ping_status":"closed","template":"","meta":{"om_disable_all_campaigns":false,"_monsterinsights_skip_tracking":false,"_monsterinsights_sitenote_active":false,"_monsterinsights_sitenote_note":"","_monsterinsights_sitenote_category":0,"site-sidebar-layout":"default","site-content-layout":"","ast-site-content-layout":"default","site-content-style":"default","site-sidebar-style":"default","ast-global-header-display":"","ast-banner-title-visibility":"","ast-main-header-display":"","ast-hfb-above-header-display":"","ast-hfb-below-header-display":"","ast-hfb-mobile-header-display":"","site-post-title":"","ast-breadcrumbs-content":"","ast-featured-img":"","footer-sml-layout":"","ast-disable-related-posts":"","theme-transparent-header-meta":"","adv-header-id-meta":"","stick-header-meta":"","header-above-stick-meta":"","header-main-stick-meta":"","header-below-stick-meta":"","astra-migrate-meta-layouts":"default","ast-page-background-enabled":"default","ast-page-background-meta":{"desktop":{"background-color":"var(--ast-global-color-5)","background-image":"","background-repeat":"repeat","background-position":"center center","background-size":"auto","background-attachment":"scroll","background-type":"","background-media":"","overlay-type":"","overlay-color":"","overlay-opacity":"","overlay-gradient":""},"tablet":{"background-color":"","background-image":"","background-repeat":"repeat","background-position":"center center","background-size":"auto","background-attachment":"scroll","background-type":"","background-media":"","overlay-type":"","overlay-color":"","overlay-opacity":"","overlay-gradient":""},"mobile":{"background-color":"","background-image":"","background-repeat":"repeat","background-position":"center center","background-size":"auto","background-attachment":"scroll","background-type":"","background-media":"","overlay-type":"","overlay-color":"","overlay-opacity":"","overlay-gradient":""}},"ast-content-background-meta":{"desktop":{"background-color":"var(--ast-global-color-4)","background-image":"","background-repeat":"repeat","background-position":"center center","background-size":"auto","background-attachment":"scroll","background-type":"","background-media":"","overlay-type":"","overlay-color":"","overlay-opacity":"","overlay-gradient":""},"tablet":{"background-color":"var(--ast-global-color-4)","background-image":"","background-repeat":"repeat","background-position":"center center","background-size":"auto","background-attachment":"scroll","background-type":"","background-media":"","overlay-type":"","overlay-color":"","overlay-opacity":"","overlay-gradient":""},"mobile":{"background-color":"var(--ast-global-color-4)","background-image":"","background-repeat":"repeat","background-position":"center center","background-size":"auto","background-attachment":"scroll","background-type":"","background-media":"","overlay-type":"","overlay-color":"","overlay-opacity":"","overlay-gradient":""}},"_price":"","_stock":"","_tribe_ticket_header":"","_tribe_default_ticket_provider":"","_tribe_ticket_capacity":"0","_ticket_start_date":"","_ticket_end_date":"","_tribe_ticket_show_description":"","_tribe_ticket_show_not_going":false,"_tribe_ticket_use_global_stock":"","_tribe_ticket_global_stock_level":"","_global_stock_mode":"","_global_stock_cap":"","_tribe_rsvp_for_event":"","_tribe_ticket_going_count":"","_tribe_ticket_not_going_count":"","_tribe_tickets_list":"[]","_tribe_ticket_has_attendee_info_fields":false,"footnotes":"","_tec_slr_enabled":"","_tec_slr_layout":""},"class_list":["post-943","page","type-page","status-publish","hentry"],"aioseo_notices":[],"ticketed":false,"_links":{"self":[{"href":"https:\/\/pirsultanabdaldc.org\/tr\/wp-json\/wp\/v2\/pages\/943","targetHints":{"allow":["GET"]}}],"collection":[{"href":"https:\/\/pirsultanabdaldc.org\/tr\/wp-json\/wp\/v2\/pages"}],"about":[{"href":"https:\/\/pirsultanabdaldc.org\/tr\/wp-json\/wp\/v2\/types\/page"}],"author":[{"embeddable":true,"href":"https:\/\/pirsultanabdaldc.org\/tr\/wp-json\/wp\/v2\/users\/1"}],"replies":[{"embeddable":true,"href":"https:\/\/pirsultanabdaldc.org\/tr\/wp-json\/wp\/v2\/comments?post=943"}],"version-history":[{"count":56,"href":"https:\/\/pirsultanabdaldc.org\/tr\/wp-json\/wp\/v2\/pages\/943\/revisions"}],"predecessor-version":[{"id":1678,"href":"https:\/\/pirsultanabdaldc.org\/tr\/wp-json\/wp\/v2\/pages\/943\/revisions\/1678"}],"wp:attachment":[{"href":"https:\/\/pirsultanabdaldc.org\/tr\/wp-json\/wp\/v2\/media?parent=943"}],"curies":[{"name":"wp","href":"https:\/\/api.w.org\/{rel}","templated":true}]}}