{"id":1372,"date":"2025-12-28T21:31:47","date_gmt":"2025-12-28T21:31:47","guid":{"rendered":"https:\/\/pirsultanabdaldc.org\/?page_id=1372"},"modified":"2026-01-26T22:51:40","modified_gmt":"2026-01-27T03:51:40","slug":"how-to-become-a-member","status":"publish","type":"page","link":"https:\/\/pirsultanabdaldc.org\/tr\/how-to-become-a-member\/","title":{"rendered":"Nas\u0131l Uye Olunur?"},"content":{"rendered":"<div class=\"wp-block-group is-layout-constrained wp-block-group-is-layout-constrained\">\n<h2 class=\"wp-block-heading alignwide\">Nas\u0131l Uye Olunur?<\/h2>\n\n\n\n<p>Kurulu\u015fumuzda, \u00e7e\u015fitli ihtiya\u00e7lar\u0131 kar\u015f\u0131lamak \u00fczere tasarlanm\u0131\u015f \u00fc\u00e7 farkl\u0131 \u00fcyelik t\u00fcr\u00fc sunuyoruz. Bu \u00fcyelikler \u015funlard\u0131r:<\/p>\n\n\n\n<ul class=\"wp-block-list\">\n<li><strong>\u00f6\u011frenci\/Stajyer \u00fcyeli\u011fi<\/strong><\/li>\n\n\n\n<li><strong>Bireysel \u00fcyelik<\/strong><\/li>\n\n\n\n<li><strong>Aile \u00fcyeli\u011fi<\/strong><\/li>\n<\/ul>\n\n\n\n<h2 class=\"wp-block-heading alignwide has-text-align-left\">Y\u0131ll\u0131k \u00fcyelik \u00fccretleri<\/h2>\n\n\n\n<p>\u00dcyelikler y\u0131ll\u0131k olarak sa\u011flan\u0131r. Uygulanabilir \u00fcyelik \u00fccreti, \u00fcyeli\u011fin ge\u00e7erli ba\u015flang\u0131\u00e7 tarihinde tahsil edilecektir. Aksi bildirilmedik\u00e7e \u00fcyelikler otomatik olarak yenilenir.<\/p>\n<\/div>\n\n\n\n<h2 class=\"wp-block-heading alignwide has-text-align-left\">Ba\u015fvuru S\u00fcreci<\/h2>\n\n\n\n<p>\u00d6deme yap\u0131ld\u0131ktan sonra, aday ba\u015fvuru inceleme s\u00fcrecinden ge\u00e7ecektir. Bu s\u00fcre\u00e7 30 g\u00fcne kadar s\u00fcrebilir ve sonras\u0131nda aday e-posta ile bilgilendirilecektir.<\/p>\n\n\n\n<hr class=\"wp-block-separator has-alpha-channel-opacity\"\/>\n\n\n\n<div class=\"wp-block-columns is-layout-flex wp-container-core-columns-is-layout-28f84493 wp-block-columns-is-layout-flex\">\n<div class=\"wp-block-column has-primary-color has-tertiary-background-color has-text-color has-background has-link-color has-medium-font-size wp-elements-88543fb98c02798e06c4c7c9ac602bdc is-layout-flow wp-block-column-is-layout-flow\">\n<h2 class=\"wp-block-heading\">\u00f6\u011frenci \u00fcyeli\u011fi<\/h2>\n\n\n\n<p class=\"has-text-align-center\"><p>25$ Y\u0131ll\u0131k<\/p><\/p>\n\n\n\n<div class=\"wp-block-buttons is-content-justification-center is-layout-flex wp-container-core-buttons-is-layout-a89b3969 wp-block-buttons-is-layout-flex\">\n<div class=\"wp-block-button has-custom-width wp-block-button__width-100\"><a class=\"wp-block-button__link has-medium-font-size has-custom-font-size wp-element-button\" href=\"https:\/\/pirsultanabdaldc.org\/tr\/register\/student-trainee\/\" style=\"padding-top:var(--wp--preset--spacing--30);padding-right:0;padding-bottom:var(--wp--preset--spacing--30);padding-left:0\" target=\"_blank\" rel=\"noopener noreferrer\">\u00f6\u011frenci \u00fcyeli\u011fi<\/a><\/div>\n<\/div>\n<\/div>\n\n\n\n<div class=\"wp-block-column has-primary-color has-tertiary-background-color has-text-color has-background has-link-color has-medium-font-size wp-elements-014c68531b368832d5f40e229955d4dd is-layout-flow wp-block-column-is-layout-flow\">\n<h2 class=\"wp-block-heading\">Bireysel \u00fcyelik<\/h2>\n\n\n\n<p class=\"has-text-align-center\"><p>100$ Y\u0131ll\u0131k<\/p><\/p>\n\n\n\n<div class=\"wp-block-buttons is-content-justification-center is-layout-flex wp-container-core-buttons-is-layout-a89b3969 wp-block-buttons-is-layout-flex\">\n<div class=\"wp-block-button has-custom-width wp-block-button__width-100\"><a class=\"wp-block-button__link has-medium-font-size has-custom-font-size wp-element-button\" href=\"https:\/\/pirsultanabdaldc.org\/tr\/register\/individual\/\" style=\"padding-top:var(--wp--preset--spacing--30);padding-bottom:var(--wp--preset--spacing--30)\" target=\"_blank\" rel=\"noopener noreferrer\">Bireysel \u00fcyelik<\/a><\/div>\n<\/div>\n<\/div>\n\n\n\n<div class=\"wp-block-column has-primary-color has-tertiary-background-color has-text-color has-background has-link-color has-medium-font-size wp-elements-2dc2c81ed047e19cabd66ceed292857b is-layout-flow wp-block-column-is-layout-flow\" style=\"font-style:normal;font-weight:500;text-transform:capitalize\">\n<h2 class=\"wp-block-heading\">Aile \u00fcyeli\u011fi<\/h2>\n\n\n\n<p class=\"has-text-align-center\"><p>150$ Y\u0131ll\u0131k<\/p><\/p>\n\n\n\n<div class=\"wp-block-buttons is-content-justification-center is-layout-flex wp-container-core-buttons-is-layout-a89b3969 wp-block-buttons-is-layout-flex\">\n<div class=\"wp-block-button has-custom-width wp-block-button__width-100\"><a class=\"wp-block-button__link has-medium-font-size has-custom-font-size wp-element-button\" href=\"https:\/\/pirsultanabdaldc.org\/tr\/register\/family\/\" style=\"padding-top:var(--wp--preset--spacing--30);padding-bottom:var(--wp--preset--spacing--30)\" target=\"_blank\" rel=\"noopener noreferrer\">Aile \u00fcyeli\u011fi<\/a><\/div>\n<\/div>\n<\/div>\n<\/div>\n\n\n\n<hr class=\"wp-block-separator has-alpha-channel-opacity\"\/>\n\n\n\n<p>Herhangi bir sorunuz varsa veya yard\u0131ma ihtiyac\u0131n\u0131z varsa, l\u00fctfen e-posta yoluyla bizimle ileti\u015fime ge\u00e7mekten \u00e7ekinmeyin: <a href=\"mailto:pirsultanabdaldc@gmail.com\">pirsultanabdaldc@gmail.com<\/a>.<\/p>\n\n\n\n<p>&nbsp;<\/p>","protected":false},"excerpt":{"rendered":"<p>How to become a member? At our organization, we offer three distinct types of memberships designed to cater to a variety of needs. These memberships include: Annual Membership Fees Memberships [&hellip;]<\/p>\n","protected":false},"author":1,"featured_media":0,"parent":0,"menu_order":0,"comment_status":"closed","ping_status":"closed","template":"","meta":{"om_disable_all_campaigns":false,"_monsterinsights_skip_tracking":false,"_monsterinsights_sitenote_active":false,"_monsterinsights_sitenote_note":"","_monsterinsights_sitenote_category":0,"site-sidebar-layout":"default","site-content-layout":"","ast-site-content-layout":"default","site-content-style":"default","site-sidebar-style":"default","ast-global-header-display":"","ast-banner-title-visibility":"","ast-main-header-display":"","ast-hfb-above-header-display":"","ast-hfb-below-header-display":"","ast-hfb-mobile-header-display":"","site-post-title":"disabled","ast-breadcrumbs-content":"","ast-featured-img":"","footer-sml-layout":"","ast-disable-related-posts":"","theme-transparent-header-meta":"","adv-header-id-meta":"","stick-header-meta":"","header-above-stick-meta":"","header-main-stick-meta":"","header-below-stick-meta":"","astra-migrate-meta-layouts":"default","ast-page-background-enabled":"default","ast-page-background-meta":{"desktop":{"background-color":"var(--ast-global-color-5)","background-image":"","background-repeat":"repeat","background-position":"center center","background-size":"auto","background-attachment":"scroll","background-type":"","background-media":"","overlay-type":"","overlay-color":"","overlay-opacity":"","overlay-gradient":""},"tablet":{"background-color":"","background-image":"","background-repeat":"repeat","background-position":"center center","background-size":"auto","background-attachment":"scroll","background-type":"","background-media":"","overlay-type":"","overlay-color":"","overlay-opacity":"","overlay-gradient":""},"mobile":{"background-color":"","background-image":"","background-repeat":"repeat","background-position":"center center","background-size":"auto","background-attachment":"scroll","background-type":"","background-media":"","overlay-type":"","overlay-color":"","overlay-opacity":"","overlay-gradient":""}},"ast-content-background-meta":{"desktop":{"background-color":"var(--ast-global-color-4)","background-image":"","background-repeat":"repeat","background-position":"center center","background-size":"auto","background-attachment":"scroll","background-type":"","background-media":"","overlay-type":"","overlay-color":"","overlay-opacity":"","overlay-gradient":""},"tablet":{"background-color":"var(--ast-global-color-4)","background-image":"","background-repeat":"repeat","background-position":"center center","background-size":"auto","background-attachment":"scroll","background-type":"","background-media":"","overlay-type":"","overlay-color":"","overlay-opacity":"","overlay-gradient":""},"mobile":{"background-color":"var(--ast-global-color-4)","background-image":"","background-repeat":"repeat","background-position":"center center","background-size":"auto","background-attachment":"scroll","background-type":"","background-media":"","overlay-type":"","overlay-color":"","overlay-opacity":"","overlay-gradient":""}},"_price":"","_stock":"","_tribe_ticket_header":"","_tribe_default_ticket_provider":"","_tribe_ticket_capacity":"0","_ticket_start_date":"","_ticket_end_date":"","_tribe_ticket_show_description":"","_tribe_ticket_show_not_going":false,"_tribe_ticket_use_global_stock":"","_tribe_ticket_global_stock_level":"","_global_stock_mode":"","_global_stock_cap":"","_tribe_rsvp_for_event":"","_tribe_ticket_going_count":"","_tribe_ticket_not_going_count":"","_tribe_tickets_list":"[]","_tribe_ticket_has_attendee_info_fields":false,"footnotes":"","_tec_slr_enabled":"","_tec_slr_layout":""},"class_list":["post-1372","page","type-page","status-publish","hentry"],"aioseo_notices":[],"ticketed":false,"_links":{"self":[{"href":"https:\/\/pirsultanabdaldc.org\/tr\/wp-json\/wp\/v2\/pages\/1372","targetHints":{"allow":["GET"]}}],"collection":[{"href":"https:\/\/pirsultanabdaldc.org\/tr\/wp-json\/wp\/v2\/pages"}],"about":[{"href":"https:\/\/pirsultanabdaldc.org\/tr\/wp-json\/wp\/v2\/types\/page"}],"author":[{"embeddable":true,"href":"https:\/\/pirsultanabdaldc.org\/tr\/wp-json\/wp\/v2\/users\/1"}],"replies":[{"embeddable":true,"href":"https:\/\/pirsultanabdaldc.org\/tr\/wp-json\/wp\/v2\/comments?post=1372"}],"version-history":[{"count":22,"href":"https:\/\/pirsultanabdaldc.org\/tr\/wp-json\/wp\/v2\/pages\/1372\/revisions"}],"predecessor-version":[{"id":1737,"href":"https:\/\/pirsultanabdaldc.org\/tr\/wp-json\/wp\/v2\/pages\/1372\/revisions\/1737"}],"wp:attachment":[{"href":"https:\/\/pirsultanabdaldc.org\/tr\/wp-json\/wp\/v2\/media?parent=1372"}],"curies":[{"name":"wp","href":"https:\/\/api.w.org\/{rel}","templated":true}]}}