{"id":1089,"date":"2024-09-05T10:41:24","date_gmt":"2024-09-05T10:41:24","guid":{"rendered":"https:\/\/pirsultanabdaldc.org\/?page_id=1089"},"modified":"2026-01-26T22:47:34","modified_gmt":"2026-01-27T03:47:34","slug":"donation","status":"publish","type":"page","link":"https:\/\/pirsultanabdaldc.org\/tr\/donation\/","title":{"rendered":"Ba\u011f\u0131\u015f"},"content":{"rendered":"<hr class=\"wp-block-separator has-alpha-channel-opacity\"\/>\n\n\n\n<p class=\"has-text-align-center\">Pir Sultan Abdal DC, \u0130\u00e7 Gelir Kanunu'nun 501(c)(3) maddesi uyar\u0131nca vergiden muaf bir kurulu\u015ftur.<\/p>\n\n\n\n<p class=\"has-text-align-center\">Ba\u011f\u0131\u015flar\u0131n\u0131z yasalara g\u00f6re 0 vergi indirilebilir.<\/p>\n\n\n\n<h2 class=\"wp-block-heading has-text-align-center\">Zelle Ba\u011f\u0131\u015f Linki<\/h2>\n\n\n\n<figure class=\"wp-block-image aligncenter size-large\"><img fetchpriority=\"high\" decoding=\"async\" width=\"772\" height=\"1024\" src=\"https:\/\/pirsultanabdaldc.org\/wp-content\/uploads\/2025\/12\/Attachment-1-772x1024.png\" alt=\"\" class=\"wp-image-1463\" srcset=\"https:\/\/pirsultanabdaldc.org\/wp-content\/uploads\/2025\/12\/Attachment-1-772x1024.png 772w, https:\/\/pirsultanabdaldc.org\/wp-content\/uploads\/2025\/12\/Attachment-1-226x300.png 226w, https:\/\/pirsultanabdaldc.org\/wp-content\/uploads\/2025\/12\/Attachment-1-768x1019.png 768w, https:\/\/pirsultanabdaldc.org\/wp-content\/uploads\/2025\/12\/Attachment-1-1157x1536.png 1157w, https:\/\/pirsultanabdaldc.org\/wp-content\/uploads\/2025\/12\/Attachment-1-9x12.png 9w, https:\/\/pirsultanabdaldc.org\/wp-content\/uploads\/2025\/12\/Attachment-1-600x796.png 600w, https:\/\/pirsultanabdaldc.org\/wp-content\/uploads\/2025\/12\/Attachment-1.png 1320w\" sizes=\"(max-width: 772px) 100vw, 772px\" \/><\/figure>\n\n\n\n<hr class=\"wp-block-separator has-alpha-channel-opacity\"\/>\n\n\n\n<h2 class=\"wp-block-heading has-text-align-center\">Havale ile Ba\u011f\u0131\u015f<\/h2>\n\n\n\n<p class=\"has-text-align-center\">Hesap Numaras\u0131: 026009593<\/p>\n\n\n\n<p class=\"has-text-align-center\">Bank of America<\/p>","protected":false},"excerpt":{"rendered":"<p>Pir Sultan Abdal DC is a tax-exempt organization by Section 501(c)(3) of the Internal Revenue Code. Your donations are %100 tax-deductible by law. Zelle Donation Link Donation by Wire Transfer [&hellip;]<\/p>\n","protected":false},"author":1,"featured_media":0,"parent":0,"menu_order":0,"comment_status":"closed","ping_status":"closed","template":"","meta":{"om_disable_all_campaigns":false,"_monsterinsights_skip_tracking":false,"_monsterinsights_sitenote_active":false,"_monsterinsights_sitenote_note":"","_monsterinsights_sitenote_category":0,"site-sidebar-layout":"default","site-content-layout":"","ast-site-content-layout":"default","site-content-style":"default","site-sidebar-style":"default","ast-global-header-display":"","ast-banner-title-visibility":"","ast-main-header-display":"","ast-hfb-above-header-display":"","ast-hfb-below-header-display":"","ast-hfb-mobile-header-display":"","site-post-title":"disabled","ast-breadcrumbs-content":"","ast-featured-img":"","footer-sml-layout":"","ast-disable-related-posts":"","theme-transparent-header-meta":"","adv-header-id-meta":"","stick-header-meta":"","header-above-stick-meta":"","header-main-stick-meta":"","header-below-stick-meta":"","astra-migrate-meta-layouts":"default","ast-page-background-enabled":"default","ast-page-background-meta":{"desktop":{"background-color":"var(--ast-global-color-5)","background-image":"","background-repeat":"repeat","background-position":"center center","background-size":"auto","background-attachment":"scroll","background-type":"","background-media":"","overlay-type":"","overlay-color":"","overlay-opacity":"","overlay-gradient":""},"tablet":{"background-color":"","background-image":"","background-repeat":"repeat","background-position":"center center","background-size":"auto","background-attachment":"scroll","background-type":"","background-media":"","overlay-type":"","overlay-color":"","overlay-opacity":"","overlay-gradient":""},"mobile":{"background-color":"","background-image":"","background-repeat":"repeat","background-position":"center center","background-size":"auto","background-attachment":"scroll","background-type":"","background-media":"","overlay-type":"","overlay-color":"","overlay-opacity":"","overlay-gradient":""}},"ast-content-background-meta":{"desktop":{"background-color":"var(--ast-global-color-4)","background-image":"","background-repeat":"repeat","background-position":"center center","background-size":"auto","background-attachment":"scroll","background-type":"","background-media":"","overlay-type":"","overlay-color":"","overlay-opacity":"","overlay-gradient":""},"tablet":{"background-color":"var(--ast-global-color-4)","background-image":"","background-repeat":"repeat","background-position":"center center","background-size":"auto","background-attachment":"scroll","background-type":"","background-media":"","overlay-type":"","overlay-color":"","overlay-opacity":"","overlay-gradient":""},"mobile":{"background-color":"var(--ast-global-color-4)","background-image":"","background-repeat":"repeat","background-position":"center center","background-size":"auto","background-attachment":"scroll","background-type":"","background-media":"","overlay-type":"","overlay-color":"","overlay-opacity":"","overlay-gradient":""}},"_price":"","_stock":"","_tribe_ticket_header":"","_tribe_default_ticket_provider":"","_tribe_ticket_capacity":"0","_ticket_start_date":"","_ticket_end_date":"","_tribe_ticket_show_description":"","_tribe_ticket_show_not_going":false,"_tribe_ticket_use_global_stock":"","_tribe_ticket_global_stock_level":"","_global_stock_mode":"","_global_stock_cap":"","_tribe_rsvp_for_event":"","_tribe_ticket_going_count":"","_tribe_ticket_not_going_count":"","_tribe_tickets_list":"[]","_tribe_ticket_has_attendee_info_fields":false,"footnotes":"","_tec_slr_enabled":"","_tec_slr_layout":""},"class_list":["post-1089","page","type-page","status-publish","hentry"],"aioseo_notices":[],"ticketed":false,"_links":{"self":[{"href":"https:\/\/pirsultanabdaldc.org\/tr\/wp-json\/wp\/v2\/pages\/1089","targetHints":{"allow":["GET"]}}],"collection":[{"href":"https:\/\/pirsultanabdaldc.org\/tr\/wp-json\/wp\/v2\/pages"}],"about":[{"href":"https:\/\/pirsultanabdaldc.org\/tr\/wp-json\/wp\/v2\/types\/page"}],"author":[{"embeddable":true,"href":"https:\/\/pirsultanabdaldc.org\/tr\/wp-json\/wp\/v2\/users\/1"}],"replies":[{"embeddable":true,"href":"https:\/\/pirsultanabdaldc.org\/tr\/wp-json\/wp\/v2\/comments?post=1089"}],"version-history":[{"count":8,"href":"https:\/\/pirsultanabdaldc.org\/tr\/wp-json\/wp\/v2\/pages\/1089\/revisions"}],"predecessor-version":[{"id":1736,"href":"https:\/\/pirsultanabdaldc.org\/tr\/wp-json\/wp\/v2\/pages\/1089\/revisions\/1736"}],"wp:attachment":[{"href":"https:\/\/pirsultanabdaldc.org\/tr\/wp-json\/wp\/v2\/media?parent=1089"}],"curies":[{"name":"wp","href":"https:\/\/api.w.org\/{rel}","templated":true}]}}